{"id":57,"date":"2013-12-04T18:29:38","date_gmt":"2013-12-04T17:29:38","guid":{"rendered":"http:\/\/www.bogs.de\/?page_id=57"},"modified":"2019-08-13T17:06:38","modified_gmt":"2019-08-13T15:06:38","slug":"home","status":"publish","type":"page","link":"https:\/\/bogs.de\/","title":{"rendered":"Home"},"content":{"rendered":"<h3>Album &#8211; BURNOUT<\/h3>\n<p><img loading=\"lazy\" decoding=\"async\" class=\"size-thumbnail wp-image-48 alignleft\" alt=\"cover_ub\" src=\"http:\/\/bogs.de\/wp-content\/uploads\/2013\/12\/cover_ub-150x150.jpg\" width=\"150\" height=\"150\" \/><br \/>\nMit dem Projekt-Album BURNOUT meldete sich Uwe BOGS 2014 mit einem eindrucksvollen Projekt auf der musikalischen B\u00fchne:<br \/>\nZum 30-j\u00e4hrigen B\u00fchnenjubil\u00e4um gab es ein neues Album mit deutschen Texten.\u00a0Stilistisch eigenst\u00e4ndig, aber auch absolut eing\u00e4ngig. <a title=\"weiter\" href=\"http:\/\/www.bogs.de\/?page_id=247\">weiter<\/a><\/p>\n<h3>Video &#8211; IKARUS<\/h3>\n<p><img loading=\"lazy\" decoding=\"async\" class=\"size-thumbnail wp-image-132 alignleft\" alt=\"ende\" src=\"http:\/\/bogs.de\/wp-content\/uploads\/2013\/12\/ende2-150x150.jpg\" width=\"150\" height=\"150\" \/><br \/>\nDas offizielle Video<br \/>\n&#8222;Ikarus&#8220;<br \/>\naus dem Album<br \/>\nBurnOUT<br \/>\n<a title=\"IKARUS \u2013 Das Video\" href=\"http:\/\/www.bogs.de\/?p=1\">weiter<\/a><\/p>\n<h3>Fernsehbeitrag &#8211; BURNOUT auf OS1.TV<\/h3>\n<p><img loading=\"lazy\" decoding=\"async\" class=\"size-thumbnail wp-image-335 alignleft\" alt=\"os1tvub20140319th\" src=\"http:\/\/bogs.de\/wp-content\/uploads\/2013\/12\/os1tvub20140319th-150x150.jpg\" width=\"150\" height=\"150\" srcset=\"https:\/\/bogs.de\/wp-content\/uploads\/2013\/12\/os1tvub20140319th-150x150.jpg 150w, https:\/\/bogs.de\/wp-content\/uploads\/2013\/12\/os1tvub20140319th-300x300.jpg 300w, https:\/\/bogs.de\/wp-content\/uploads\/2013\/12\/os1tvub20140319th.jpg 308w\" sizes=\"auto, (max-width: 150px) 100vw, 150px\" \/><br \/>\nMarcel Trocoli Castro auf OS1.TV im Gespr\u00e4ch<br \/>\nmit Prof. Dr. Wolfgang Weig und Uwe BOGS zum Thema BurnOUT sowie die k\u00fcnstlerische Verarbeitung gleichnamigen Album von Uwe BOGS<br \/>\n<a title=\"TV\" href=\"http:\/\/www.bogs.de\/?page_id=328\">weiter<\/a><\/p>\n<p>&nbsp;<\/p>\n<h3>Facebook &#8211; BOGS.BURNOUT<\/h3>\n<p><a title=\"BOGS Facebookseite\" href=\"http:\/\/www.facebook.com\/bogs.burnout\" target=\"_blank\" rel=\"noopener noreferrer\"><img loading=\"lazy\" decoding=\"async\" class=\"size-thumbnail wp-image-333 alignleft\" alt=\"f_Like_BOGS\" src=\"http:\/\/bogs.de\/wp-content\/uploads\/2013\/12\/f_Like_BOGS-150x98.jpg\" width=\"150\" height=\"98\" \/><\/a><br \/>\nEin Besuch der Facebook-Seite<br \/>\nlohnt immer &#8211; und ein &#8222;Gef\u00e4llt mir&#8220;<br \/>\nfreut den K\u00fcnstler auch!<br \/>\n<a href=\"http:\/\/www.facebook.com\/bogs.burnout\" target=\"_blank\" rel=\"noopener noreferrer\">weiter<\/a><br \/>\n&nbsp;<\/p>\n","protected":false},"excerpt":{"rendered":"<p>Album &#8211; BURNOUT Mit dem Projekt-Album BURNOUT meldete sich Uwe BOGS 2014 mit einem eindrucksvollen Projekt auf der musikalischen B\u00fchne: Zum 30-j\u00e4hrigen B\u00fchnenjubil\u00e4um gab es ein neues Album mit deutschen Texten.\u00a0Stilistisch eigenst\u00e4ndig, aber auch absolut eing\u00e4ngig. weiter Video &#8211; IKARUS <a class=\"more-link\" href=\"https:\/\/bogs.de\/\"><span class=\"screen-reader-text\">  Home<\/span> weiterlesen<span class=\"meta-nav\">&rarr;<\/span><\/a><\/p>\n","protected":false},"author":1,"featured_media":0,"parent":0,"menu_order":0,"comment_status":"closed","ping_status":"closed","template":"","meta":{"ngg_post_thumbnail":0,"footnotes":""},"class_list":["post-57","page","type-page","status-publish","hentry"],"yoast_head":"<!-- This site is optimized with the Yoast SEO plugin v27.3 - https:\/\/yoast.com\/product\/yoast-seo-wordpress\/ -->\n<title>Home - BOGS MEDIA<\/title>\n<meta name=\"robots\" content=\"index, follow, max-snippet:-1, max-image-preview:large, max-video-preview:-1\" \/>\n<link rel=\"canonical\" href=\"https:\/\/bogs.de\/\" \/>\n<meta property=\"og:locale\" content=\"de_DE\" \/>\n<meta property=\"og:type\" content=\"article\" \/>\n<meta property=\"og:title\" content=\"Home - BOGS MEDIA\" \/>\n<meta property=\"og:description\" content=\"Album &#8211; BURNOUT Mit dem Projekt-Album BURNOUT meldete sich Uwe BOGS 2014 mit einem eindrucksvollen Projekt auf der musikalischen B\u00fchne: Zum 30-j\u00e4hrigen B\u00fchnenjubil\u00e4um gab es ein neues Album mit deutschen Texten.\u00a0Stilistisch eigenst\u00e4ndig, aber auch absolut eing\u00e4ngig. weiter Video &#8211; IKARUS  Home weiterlesen&rarr;\" \/>\n<meta property=\"og:url\" content=\"https:\/\/bogs.de\/\" \/>\n<meta property=\"og:site_name\" content=\"BOGS MEDIA\" \/>\n<meta property=\"article:modified_time\" content=\"2019-08-13T15:06:38+00:00\" \/>\n<meta property=\"og:image\" content=\"http:\/\/bogs.de\/wp-content\/uploads\/2013\/12\/cover_ub-150x150.jpg\" \/>\n<meta name=\"twitter:card\" content=\"summary_large_image\" \/>\n<meta name=\"twitter:label1\" content=\"Gesch\u00e4tzte Lesezeit\" \/>\n\t<meta name=\"twitter:data1\" content=\"1\u00a0Minute\" \/>\n<script type=\"application\/ld+json\" class=\"yoast-schema-graph\">{\"@context\":\"https:\\\/\\\/schema.org\",\"@graph\":[{\"@type\":\"WebPage\",\"@id\":\"https:\\\/\\\/bogs.de\\\/\",\"url\":\"https:\\\/\\\/bogs.de\\\/\",\"name\":\"Home - BOGS MEDIA\",\"isPartOf\":{\"@id\":\"https:\\\/\\\/bogs.de\\\/#website\"},\"primaryImageOfPage\":{\"@id\":\"https:\\\/\\\/bogs.de\\\/#primaryimage\"},\"image\":{\"@id\":\"https:\\\/\\\/bogs.de\\\/#primaryimage\"},\"thumbnailUrl\":\"http:\\\/\\\/bogs.de\\\/wp-content\\\/uploads\\\/2013\\\/12\\\/cover_ub-150x150.jpg\",\"datePublished\":\"2013-12-04T17:29:38+00:00\",\"dateModified\":\"2019-08-13T15:06:38+00:00\",\"breadcrumb\":{\"@id\":\"https:\\\/\\\/bogs.de\\\/#breadcrumb\"},\"inLanguage\":\"de\",\"potentialAction\":[{\"@type\":\"ReadAction\",\"target\":[\"https:\\\/\\\/bogs.de\\\/\"]}]},{\"@type\":\"ImageObject\",\"inLanguage\":\"de\",\"@id\":\"https:\\\/\\\/bogs.de\\\/#primaryimage\",\"url\":\"http:\\\/\\\/bogs.de\\\/wp-content\\\/uploads\\\/2013\\\/12\\\/cover_ub-150x150.jpg\",\"contentUrl\":\"http:\\\/\\\/bogs.de\\\/wp-content\\\/uploads\\\/2013\\\/12\\\/cover_ub-150x150.jpg\"},{\"@type\":\"BreadcrumbList\",\"@id\":\"https:\\\/\\\/bogs.de\\\/#breadcrumb\",\"itemListElement\":[{\"@type\":\"ListItem\",\"position\":1,\"name\":\"Startseite\",\"item\":\"https:\\\/\\\/bogs.de\\\/\"},{\"@type\":\"ListItem\",\"position\":2,\"name\":\"Home\"}]},{\"@type\":\"WebSite\",\"@id\":\"https:\\\/\\\/bogs.de\\\/#website\",\"url\":\"https:\\\/\\\/bogs.de\\\/\",\"name\":\"BOGS MEDIA\",\"description\":\"Musik von uwe BOGS\",\"publisher\":{\"@id\":\"https:\\\/\\\/bogs.de\\\/#organization\"},\"potentialAction\":[{\"@type\":\"SearchAction\",\"target\":{\"@type\":\"EntryPoint\",\"urlTemplate\":\"https:\\\/\\\/bogs.de\\\/?s={search_term_string}\"},\"query-input\":{\"@type\":\"PropertyValueSpecification\",\"valueRequired\":true,\"valueName\":\"search_term_string\"}}],\"inLanguage\":\"de\"},{\"@type\":\"Organization\",\"@id\":\"https:\\\/\\\/bogs.de\\\/#organization\",\"name\":\"BOGS MEDIA\",\"url\":\"https:\\\/\\\/bogs.de\\\/\",\"logo\":{\"@type\":\"ImageObject\",\"inLanguage\":\"de\",\"@id\":\"https:\\\/\\\/bogs.de\\\/#\\\/schema\\\/logo\\\/image\\\/\",\"url\":\"https:\\\/\\\/bogs.de\\\/wp-content\\\/uploads\\\/2013\\\/08\\\/cropped-cropped-1043958_172008932980345_1284684300_n1.jpg\",\"contentUrl\":\"https:\\\/\\\/bogs.de\\\/wp-content\\\/uploads\\\/2013\\\/08\\\/cropped-cropped-1043958_172008932980345_1284684300_n1.jpg\",\"width\":1426,\"height\":133,\"caption\":\"BOGS MEDIA\"},\"image\":{\"@id\":\"https:\\\/\\\/bogs.de\\\/#\\\/schema\\\/logo\\\/image\\\/\"}}]}<\/script>\n<!-- \/ Yoast SEO plugin. -->","yoast_head_json":{"title":"Home - BOGS MEDIA","robots":{"index":"index","follow":"follow","max-snippet":"max-snippet:-1","max-image-preview":"max-image-preview:large","max-video-preview":"max-video-preview:-1"},"canonical":"https:\/\/bogs.de\/","og_locale":"de_DE","og_type":"article","og_title":"Home - BOGS MEDIA","og_description":"Album &#8211; BURNOUT Mit dem Projekt-Album BURNOUT meldete sich Uwe BOGS 2014 mit einem eindrucksvollen Projekt auf der musikalischen B\u00fchne: Zum 30-j\u00e4hrigen B\u00fchnenjubil\u00e4um gab es ein neues Album mit deutschen Texten.\u00a0Stilistisch eigenst\u00e4ndig, aber auch absolut eing\u00e4ngig. weiter Video &#8211; IKARUS  Home weiterlesen&rarr;","og_url":"https:\/\/bogs.de\/","og_site_name":"BOGS MEDIA","article_modified_time":"2019-08-13T15:06:38+00:00","og_image":[{"url":"http:\/\/bogs.de\/wp-content\/uploads\/2013\/12\/cover_ub-150x150.jpg","type":"","width":"","height":""}],"twitter_card":"summary_large_image","twitter_misc":{"Gesch\u00e4tzte Lesezeit":"1\u00a0Minute"},"schema":{"@context":"https:\/\/schema.org","@graph":[{"@type":"WebPage","@id":"https:\/\/bogs.de\/","url":"https:\/\/bogs.de\/","name":"Home - BOGS MEDIA","isPartOf":{"@id":"https:\/\/bogs.de\/#website"},"primaryImageOfPage":{"@id":"https:\/\/bogs.de\/#primaryimage"},"image":{"@id":"https:\/\/bogs.de\/#primaryimage"},"thumbnailUrl":"http:\/\/bogs.de\/wp-content\/uploads\/2013\/12\/cover_ub-150x150.jpg","datePublished":"2013-12-04T17:29:38+00:00","dateModified":"2019-08-13T15:06:38+00:00","breadcrumb":{"@id":"https:\/\/bogs.de\/#breadcrumb"},"inLanguage":"de","potentialAction":[{"@type":"ReadAction","target":["https:\/\/bogs.de\/"]}]},{"@type":"ImageObject","inLanguage":"de","@id":"https:\/\/bogs.de\/#primaryimage","url":"http:\/\/bogs.de\/wp-content\/uploads\/2013\/12\/cover_ub-150x150.jpg","contentUrl":"http:\/\/bogs.de\/wp-content\/uploads\/2013\/12\/cover_ub-150x150.jpg"},{"@type":"BreadcrumbList","@id":"https:\/\/bogs.de\/#breadcrumb","itemListElement":[{"@type":"ListItem","position":1,"name":"Startseite","item":"https:\/\/bogs.de\/"},{"@type":"ListItem","position":2,"name":"Home"}]},{"@type":"WebSite","@id":"https:\/\/bogs.de\/#website","url":"https:\/\/bogs.de\/","name":"BOGS MEDIA","description":"Musik von uwe BOGS","publisher":{"@id":"https:\/\/bogs.de\/#organization"},"potentialAction":[{"@type":"SearchAction","target":{"@type":"EntryPoint","urlTemplate":"https:\/\/bogs.de\/?s={search_term_string}"},"query-input":{"@type":"PropertyValueSpecification","valueRequired":true,"valueName":"search_term_string"}}],"inLanguage":"de"},{"@type":"Organization","@id":"https:\/\/bogs.de\/#organization","name":"BOGS MEDIA","url":"https:\/\/bogs.de\/","logo":{"@type":"ImageObject","inLanguage":"de","@id":"https:\/\/bogs.de\/#\/schema\/logo\/image\/","url":"https:\/\/bogs.de\/wp-content\/uploads\/2013\/08\/cropped-cropped-1043958_172008932980345_1284684300_n1.jpg","contentUrl":"https:\/\/bogs.de\/wp-content\/uploads\/2013\/08\/cropped-cropped-1043958_172008932980345_1284684300_n1.jpg","width":1426,"height":133,"caption":"BOGS MEDIA"},"image":{"@id":"https:\/\/bogs.de\/#\/schema\/logo\/image\/"}}]}},"_links":{"self":[{"href":"https:\/\/bogs.de\/index.php?rest_route=\/wp\/v2\/pages\/57","targetHints":{"allow":["GET"]}}],"collection":[{"href":"https:\/\/bogs.de\/index.php?rest_route=\/wp\/v2\/pages"}],"about":[{"href":"https:\/\/bogs.de\/index.php?rest_route=\/wp\/v2\/types\/page"}],"author":[{"embeddable":true,"href":"https:\/\/bogs.de\/index.php?rest_route=\/wp\/v2\/users\/1"}],"replies":[{"embeddable":true,"href":"https:\/\/bogs.de\/index.php?rest_route=%2Fwp%2Fv2%2Fcomments&post=57"}],"version-history":[{"count":0,"href":"https:\/\/bogs.de\/index.php?rest_route=\/wp\/v2\/pages\/57\/revisions"}],"wp:attachment":[{"href":"https:\/\/bogs.de\/index.php?rest_route=%2Fwp%2Fv2%2Fmedia&parent=57"}],"curies":[{"name":"wp","href":"https:\/\/api.w.org\/{rel}","templated":true}]}}