{"id":247,"date":"2014-01-17T12:32:34","date_gmt":"2014-01-17T11:32:34","guid":{"rendered":"http:\/\/www.bogs.de\/?page_id=247"},"modified":"2024-11-13T18:33:30","modified_gmt":"2024-11-13T17:33:30","slug":"burnout","status":"publish","type":"page","link":"https:\/\/bogs.de\/?page_id=247","title":{"rendered":"Album"},"content":{"rendered":"<h2>BurnOUT &#8211; Das Projekt-Album von Uwe BOGS<\/h2>\n<p>Ein schwieriges Thema hat sich der selbst\u00e4ndige Unternehmer und Musiker Uwe BOGS da ausgesucht.<\/p>\n<p><img loading=\"lazy\" decoding=\"async\" class=\"alignleft size-thumbnail wp-image-48\" src=\"http:\/\/bogs.de\/wp-content\/uploads\/2013\/12\/cover_ub-150x150.jpg\" alt=\"cover_ub\" width=\"180\" height=\"180\">Auf seinem Album \u201eBurnOUT\u201c spricht er das aus, was viele bewegt. Trotzdem trauen sich die wenigsten so offen dar\u00fcber zu reden wie er. Doch Uwe BOGS wei\u00df wovon er da singt, denn er hat es selbst erlebt. Aus diesem Grund ist dieses Album, das zu seinem 30-j\u00e4hrigen B\u00fchnenjubil\u00e4um erschien, wohl auch das Pers\u00f6nlichste, was man als Musiker abliefern kann.<\/p>\n<p>Uwe BOGS will jedoch kein Mitleid. Viel mehr ist die k\u00fcnstlerische Auseinandersetzung mit dem Thema \u201eBurnOUT\u201c Hilfe und Therapie f\u00fcr ihn und f\u00fcr andere, die mit dem selben Problem zu k\u00e4mpfen haben. So ist es ihm gelungen nicht nur die Schattenseite zu sehen. Eine Portion Selbstironie, verpackt in vierzehn abwechslungsreichen Songs, hat sein neuestes Werk ebenfalls zu bieten.<\/p>\n<p><img loading=\"lazy\" decoding=\"async\" class=\"alignleft size-thumbnail wp-image-481\" src=\"http:\/\/bogs.de\/wp-content\/uploads\/2014\/05\/BOGS_CD_BACK-180x180.jpg\" alt=\"BOGS_CD_BACK\" width=\"180\" height=\"180\">Uwe BOGS &#8211; BurnOUT<br \/>\nErschienen 2014 bei <a title=\"Timezone\" href=\"http:\/\/www.timezone-records.com\/kuenstler\/details\/uwe-bogs\/\" target=\"_blank\" rel=\"noopener noreferrer\">Timezone Records<\/a>.<br \/>\nGesamtspielzeit ca. 59 min,<br \/>\nab sofort \u00fcberall erh\u00e4ltlich!<br \/>\nonline zu kaufen z.B. bei<br \/>\n<a title=\"Amazon\" href=\"https:\/\/www.amazon.de\/Burnout-Uwe-Bogs\/dp\/B00H04E528\/ref=sr_1_1\/277-6547243-0775447?ie=UTF8&amp;qid=1389609426&amp;sr=8-1&amp;keywords=bogs+burnout\" target=\"_blank\" rel=\"noopener noreferrer\">Amazon<\/a>, &nbsp;<a title=\"jpc\" href=\"https:\/\/www.jpc.de\/jpcng\/poprock\/detail\/-\/art\/Uwe-Bogs-Burnout\/hnum\/3887970\" target=\"_blank\" rel=\"noopener noreferrer\">jpc<\/a>.<\/p>\n<p>Oder auf <a title=\"Spotify\" href=\" https:\/\/open.spotify.com\/artist\/3BVIqIpgrPgKkb00xbGeka\" target=\"_blank\" rel=\"noopener noreferrer\">Spotify<\/a> oder <a title=\"Apple Music\" href=\"https:\/\/music.apple.com\/de\/album\/burnout\/785633891\" target=\"_blank\" rel=\"noopener noreferrer\">Apple Music<\/a> anh\u00f6ren und zur eigenen Playlist hinzuf\u00fcgen.<\/p>\n<p style=\"text-align: right;\">&nbsp; &nbsp; &nbsp; &nbsp; &nbsp; &nbsp; &nbsp;Zu den H\u00f6rproben geht es <a title=\"Album\" href=\"http:\/\/www.bogs.de\/?page_id=337\">hier<\/a>:<\/p>\n","protected":false},"excerpt":{"rendered":"<p>BurnOUT &#8211; Das Projekt-Album von Uwe BOGS Ein schwieriges Thema hat sich der selbst\u00e4ndige Unternehmer und Musiker Uwe BOGS da ausgesucht. Auf seinem Album \u201eBurnOUT\u201c spricht er das aus, was viele bewegt. Trotzdem trauen sich die wenigsten so offen dar\u00fcber <a class=\"more-link\" href=\"https:\/\/bogs.de\/?page_id=247\"><span class=\"screen-reader-text\">  Album<\/span> weiterlesen<span class=\"meta-nav\">&rarr;<\/span><\/a><\/p>\n","protected":false},"author":1,"featured_media":0,"parent":0,"menu_order":0,"comment_status":"closed","ping_status":"closed","template":"","meta":{"ngg_post_thumbnail":0,"footnotes":""},"class_list":["post-247","page","type-page","status-publish","hentry"],"yoast_head":"<!-- This site is optimized with the Yoast SEO plugin v27.3 - https:\/\/yoast.com\/product\/yoast-seo-wordpress\/ -->\n<title>Album - BOGS MEDIA<\/title>\n<meta name=\"robots\" content=\"index, follow, max-snippet:-1, max-image-preview:large, max-video-preview:-1\" \/>\n<link rel=\"canonical\" href=\"https:\/\/bogs.de\/?page_id=247\" \/>\n<meta property=\"og:locale\" content=\"de_DE\" \/>\n<meta property=\"og:type\" content=\"article\" \/>\n<meta property=\"og:title\" content=\"Album - BOGS MEDIA\" \/>\n<meta property=\"og:description\" content=\"BurnOUT &#8211; Das Projekt-Album von Uwe BOGS Ein schwieriges Thema hat sich der selbst\u00e4ndige Unternehmer und Musiker Uwe BOGS da ausgesucht. Auf seinem Album \u201eBurnOUT\u201c spricht er das aus, was viele bewegt. Trotzdem trauen sich die wenigsten so offen dar\u00fcber  Album weiterlesen&rarr;\" \/>\n<meta property=\"og:url\" content=\"https:\/\/bogs.de\/?page_id=247\" \/>\n<meta property=\"og:site_name\" content=\"BOGS MEDIA\" \/>\n<meta property=\"article:modified_time\" content=\"2024-11-13T17:33:30+00:00\" \/>\n<meta property=\"og:image\" content=\"https:\/\/bogs.de\/wp-content\/uploads\/2013\/12\/cover_ub-e1386177129137.jpg\" \/>\n\t<meta property=\"og:image:width\" content=\"505\" \/>\n\t<meta property=\"og:image:height\" content=\"501\" \/>\n\t<meta property=\"og:image:type\" content=\"image\/jpeg\" \/>\n<meta name=\"twitter:card\" content=\"summary_large_image\" \/>\n<meta name=\"twitter:label1\" content=\"Gesch\u00e4tzte Lesezeit\" \/>\n\t<meta name=\"twitter:data1\" content=\"2\u00a0Minuten\" \/>\n<script type=\"application\/ld+json\" class=\"yoast-schema-graph\">{\"@context\":\"https:\\\/\\\/schema.org\",\"@graph\":[{\"@type\":\"WebPage\",\"@id\":\"https:\\\/\\\/bogs.de\\\/?page_id=247\",\"url\":\"https:\\\/\\\/bogs.de\\\/?page_id=247\",\"name\":\"Album - BOGS MEDIA\",\"isPartOf\":{\"@id\":\"https:\\\/\\\/bogs.de\\\/#website\"},\"primaryImageOfPage\":{\"@id\":\"https:\\\/\\\/bogs.de\\\/?page_id=247#primaryimage\"},\"image\":{\"@id\":\"https:\\\/\\\/bogs.de\\\/?page_id=247#primaryimage\"},\"thumbnailUrl\":\"http:\\\/\\\/bogs.de\\\/wp-content\\\/uploads\\\/2013\\\/12\\\/cover_ub-150x150.jpg\",\"datePublished\":\"2014-01-17T11:32:34+00:00\",\"dateModified\":\"2024-11-13T17:33:30+00:00\",\"breadcrumb\":{\"@id\":\"https:\\\/\\\/bogs.de\\\/?page_id=247#breadcrumb\"},\"inLanguage\":\"de\",\"potentialAction\":[{\"@type\":\"ReadAction\",\"target\":[\"https:\\\/\\\/bogs.de\\\/?page_id=247\"]}]},{\"@type\":\"ImageObject\",\"inLanguage\":\"de\",\"@id\":\"https:\\\/\\\/bogs.de\\\/?page_id=247#primaryimage\",\"url\":\"http:\\\/\\\/bogs.de\\\/wp-content\\\/uploads\\\/2013\\\/12\\\/cover_ub-150x150.jpg\",\"contentUrl\":\"http:\\\/\\\/bogs.de\\\/wp-content\\\/uploads\\\/2013\\\/12\\\/cover_ub-150x150.jpg\"},{\"@type\":\"BreadcrumbList\",\"@id\":\"https:\\\/\\\/bogs.de\\\/?page_id=247#breadcrumb\",\"itemListElement\":[{\"@type\":\"ListItem\",\"position\":1,\"name\":\"Startseite\",\"item\":\"https:\\\/\\\/bogs.de\\\/\"},{\"@type\":\"ListItem\",\"position\":2,\"name\":\"Album\"}]},{\"@type\":\"WebSite\",\"@id\":\"https:\\\/\\\/bogs.de\\\/#website\",\"url\":\"https:\\\/\\\/bogs.de\\\/\",\"name\":\"BOGS MEDIA\",\"description\":\"Musik von uwe BOGS\",\"publisher\":{\"@id\":\"https:\\\/\\\/bogs.de\\\/#organization\"},\"potentialAction\":[{\"@type\":\"SearchAction\",\"target\":{\"@type\":\"EntryPoint\",\"urlTemplate\":\"https:\\\/\\\/bogs.de\\\/?s={search_term_string}\"},\"query-input\":{\"@type\":\"PropertyValueSpecification\",\"valueRequired\":true,\"valueName\":\"search_term_string\"}}],\"inLanguage\":\"de\"},{\"@type\":\"Organization\",\"@id\":\"https:\\\/\\\/bogs.de\\\/#organization\",\"name\":\"BOGS MEDIA\",\"url\":\"https:\\\/\\\/bogs.de\\\/\",\"logo\":{\"@type\":\"ImageObject\",\"inLanguage\":\"de\",\"@id\":\"https:\\\/\\\/bogs.de\\\/#\\\/schema\\\/logo\\\/image\\\/\",\"url\":\"https:\\\/\\\/bogs.de\\\/wp-content\\\/uploads\\\/2013\\\/08\\\/cropped-cropped-1043958_172008932980345_1284684300_n1.jpg\",\"contentUrl\":\"https:\\\/\\\/bogs.de\\\/wp-content\\\/uploads\\\/2013\\\/08\\\/cropped-cropped-1043958_172008932980345_1284684300_n1.jpg\",\"width\":1426,\"height\":133,\"caption\":\"BOGS MEDIA\"},\"image\":{\"@id\":\"https:\\\/\\\/bogs.de\\\/#\\\/schema\\\/logo\\\/image\\\/\"}}]}<\/script>\n<!-- \/ Yoast SEO plugin. -->","yoast_head_json":{"title":"Album - BOGS MEDIA","robots":{"index":"index","follow":"follow","max-snippet":"max-snippet:-1","max-image-preview":"max-image-preview:large","max-video-preview":"max-video-preview:-1"},"canonical":"https:\/\/bogs.de\/?page_id=247","og_locale":"de_DE","og_type":"article","og_title":"Album - BOGS MEDIA","og_description":"BurnOUT &#8211; Das Projekt-Album von Uwe BOGS Ein schwieriges Thema hat sich der selbst\u00e4ndige Unternehmer und Musiker Uwe BOGS da ausgesucht. Auf seinem Album \u201eBurnOUT\u201c spricht er das aus, was viele bewegt. Trotzdem trauen sich die wenigsten so offen dar\u00fcber  Album weiterlesen&rarr;","og_url":"https:\/\/bogs.de\/?page_id=247","og_site_name":"BOGS MEDIA","article_modified_time":"2024-11-13T17:33:30+00:00","og_image":[{"width":505,"height":501,"url":"https:\/\/bogs.de\/wp-content\/uploads\/2013\/12\/cover_ub-e1386177129137.jpg","type":"image\/jpeg"}],"twitter_card":"summary_large_image","twitter_misc":{"Gesch\u00e4tzte Lesezeit":"2\u00a0Minuten"},"schema":{"@context":"https:\/\/schema.org","@graph":[{"@type":"WebPage","@id":"https:\/\/bogs.de\/?page_id=247","url":"https:\/\/bogs.de\/?page_id=247","name":"Album - BOGS MEDIA","isPartOf":{"@id":"https:\/\/bogs.de\/#website"},"primaryImageOfPage":{"@id":"https:\/\/bogs.de\/?page_id=247#primaryimage"},"image":{"@id":"https:\/\/bogs.de\/?page_id=247#primaryimage"},"thumbnailUrl":"http:\/\/bogs.de\/wp-content\/uploads\/2013\/12\/cover_ub-150x150.jpg","datePublished":"2014-01-17T11:32:34+00:00","dateModified":"2024-11-13T17:33:30+00:00","breadcrumb":{"@id":"https:\/\/bogs.de\/?page_id=247#breadcrumb"},"inLanguage":"de","potentialAction":[{"@type":"ReadAction","target":["https:\/\/bogs.de\/?page_id=247"]}]},{"@type":"ImageObject","inLanguage":"de","@id":"https:\/\/bogs.de\/?page_id=247#primaryimage","url":"http:\/\/bogs.de\/wp-content\/uploads\/2013\/12\/cover_ub-150x150.jpg","contentUrl":"http:\/\/bogs.de\/wp-content\/uploads\/2013\/12\/cover_ub-150x150.jpg"},{"@type":"BreadcrumbList","@id":"https:\/\/bogs.de\/?page_id=247#breadcrumb","itemListElement":[{"@type":"ListItem","position":1,"name":"Startseite","item":"https:\/\/bogs.de\/"},{"@type":"ListItem","position":2,"name":"Album"}]},{"@type":"WebSite","@id":"https:\/\/bogs.de\/#website","url":"https:\/\/bogs.de\/","name":"BOGS MEDIA","description":"Musik von uwe BOGS","publisher":{"@id":"https:\/\/bogs.de\/#organization"},"potentialAction":[{"@type":"SearchAction","target":{"@type":"EntryPoint","urlTemplate":"https:\/\/bogs.de\/?s={search_term_string}"},"query-input":{"@type":"PropertyValueSpecification","valueRequired":true,"valueName":"search_term_string"}}],"inLanguage":"de"},{"@type":"Organization","@id":"https:\/\/bogs.de\/#organization","name":"BOGS MEDIA","url":"https:\/\/bogs.de\/","logo":{"@type":"ImageObject","inLanguage":"de","@id":"https:\/\/bogs.de\/#\/schema\/logo\/image\/","url":"https:\/\/bogs.de\/wp-content\/uploads\/2013\/08\/cropped-cropped-1043958_172008932980345_1284684300_n1.jpg","contentUrl":"https:\/\/bogs.de\/wp-content\/uploads\/2013\/08\/cropped-cropped-1043958_172008932980345_1284684300_n1.jpg","width":1426,"height":133,"caption":"BOGS MEDIA"},"image":{"@id":"https:\/\/bogs.de\/#\/schema\/logo\/image\/"}}]}},"_links":{"self":[{"href":"https:\/\/bogs.de\/index.php?rest_route=\/wp\/v2\/pages\/247","targetHints":{"allow":["GET"]}}],"collection":[{"href":"https:\/\/bogs.de\/index.php?rest_route=\/wp\/v2\/pages"}],"about":[{"href":"https:\/\/bogs.de\/index.php?rest_route=\/wp\/v2\/types\/page"}],"author":[{"embeddable":true,"href":"https:\/\/bogs.de\/index.php?rest_route=\/wp\/v2\/users\/1"}],"replies":[{"embeddable":true,"href":"https:\/\/bogs.de\/index.php?rest_route=%2Fwp%2Fv2%2Fcomments&post=247"}],"version-history":[{"count":4,"href":"https:\/\/bogs.de\/index.php?rest_route=\/wp\/v2\/pages\/247\/revisions"}],"predecessor-version":[{"id":716,"href":"https:\/\/bogs.de\/index.php?rest_route=\/wp\/v2\/pages\/247\/revisions\/716"}],"wp:attachment":[{"href":"https:\/\/bogs.de\/index.php?rest_route=%2Fwp%2Fv2%2Fmedia&parent=247"}],"curies":[{"name":"wp","href":"https:\/\/api.w.org\/{rel}","templated":true}]}}